{"id":319,"date":"2024-12-08T17:57:39","date_gmt":"2024-12-08T16:57:39","guid":{"rendered":"https:\/\/inferiti.pl\/?page_id=319"},"modified":"2024-12-08T20:06:23","modified_gmt":"2024-12-08T19:06:23","slug":"aktualnosci","status":"publish","type":"page","link":"https:\/\/inferiti.pl\/index.php\/aktualnosci\/","title":{"rendered":"Aktualno\u015bci"},"content":{"rendered":"<div class=\"fusion-fullwidth fullwidth-box fusion-builder-row-1 fusion-flex-container has-pattern-background has-mask-background nonhundred-percent-fullwidth non-hundred-percent-height-scrolling\" style=\"--awb-border-radius-top-left:0px;--awb-border-radius-top-right:0px;--awb-border-radius-bottom-right:0px;--awb-border-radius-bottom-left:0px;--awb-flex-wrap:wrap;\" ><div class=\"fusion-builder-row fusion-row fusion-flex-align-items-flex-start fusion-flex-content-wrap\" style=\"max-width:1248px;margin-left: calc(-4% \/ 2 );margin-right: calc(-4% \/ 2 );\"><div class=\"fusion-layout-column fusion_builder_column fusion-builder-column-0 fusion_builder_column_1_1 1_1 fusion-flex-column fusion-flex-align-self-stretch\" style=\"--awb-bg-size:cover;--awb-width-large:100%;--awb-margin-top-large:0px;--awb-spacing-right-large:1.92%;--awb-margin-bottom-large:20px;--awb-spacing-left-large:1.92%;--awb-width-medium:100%;--awb-order-medium:0;--awb-spacing-right-medium:1.92%;--awb-spacing-left-medium:1.92%;--awb-width-small:100%;--awb-order-small:0;--awb-spacing-right-small:1.92%;--awb-spacing-left-small:1.92%;\"><div class=\"fusion-column-wrapper fusion-column-has-shadow fusion-flex-justify-content-flex-start fusion-content-layout-column\"><div class=\"fusion-blog-shortcode fusion-blog-shortcode-1 fusion-blog-archive fusion-blog-layout-medium fusion-blog-pagination\"><div class=\"fusion-posts-container fusion-posts-container-pagination fusion-blog-rollover\" data-pages=\"1\"><article id=\"blog-1-post-321\" class=\"fusion-post-medium post-321 post type-post status-publish format-standard has-post-thumbnail hentry category-aktualnosci\">\n\t<style type=\"text\/css\">\n\t\t\t\t\t#blog-1-post-321 .fusion-post-slideshow {\n\t\t\t\tmax-width: 25% !important;\n\t\t\t}\n\t\t\n\t\t\t\t\t#blog-1-post-321 .fusion-post-slideshow,\n\t\t\t#blog-1-post-321 .fusion-post-slideshow .fusion-image-wrapper img {\n\t\t\t\tmax-height: 25% !important;\n\t\t\t}\n\t\t\n\t\t\n\t\t\n\t\t\t\t\t@media only screen and (max-width: 479px){\n\t\t\t\t#blog-1-post-321 .fusion-post-slideshow,\n\t\t\t\t#blog-1-post-321 .fusion-post-slideshow .fusion-image-wrapper img {\n\t\t\t\t\twidth :auto !important;\n\t\t\t\t\theight :auto !important;\n\t\t\t\t}\n\t\t\t}\n\t\t\t<\/style>\n\n\n\t\t\t<div class=\"fusion-flexslider flexslider fusion-flexslider-loading fusion-post-slideshow\" style=\"\">\n\t\t<ul class=\"slides\">\n\t\t\t\n\t\t\t\t\t\t\t\t\t\t\t\t\t\t<li><div  class=\"fusion-image-wrapper\" aria-haspopup=\"true\">\n\t\t\t\t<img decoding=\"async\" width=\"600\" height=\"389\" src=\"https:\/\/inferiti.pl\/wp-content\/uploads\/2019\/09\/F1_03_09_2019-e1568745915525.jpg\" class=\"attachment-full size-full wp-post-image\" alt=\"\" \/><div class=\"fusion-rollover\">\n\t<div class=\"fusion-rollover-content\">\n\n\t\t\t\t\t\t\t\t\t\t\t\t\t\t<a class=\"fusion-rollover-link\" href=\"https:\/\/inferiti.pl\/index.php\/2024\/12\/08\/321\/\">Inferiti<\/a>\n\t\t\t\n\t\t\t\t\t\t\t\t\t\t\t\t\t\t\n\t\t\t\t\t\t\t\t\n\t\t\t\t\t\t\t\t\t\t\t\t\t<div class=\"fusion-rollover-sep\"><\/div>\n\t\t\t\t\n\t\t\t\t\t\t\t\t\t\t\t\t\t\t\t\t\t\t<a class=\"fusion-rollover-gallery\" href=\"https:\/\/inferiti.pl\/wp-content\/uploads\/2019\/09\/F1_03_09_2019-e1568745915525.jpg\" data-id=\"321\" data-rel=\"iLightbox[gallery]\" data-title=\"F1_03_09_2019\" data-caption=\"\">\n\t\t\t\t\t\tGallery\t\t\t\t\t<\/a>\n\t\t\t\t\t\t\t\t\t\t\t\t\t\t\n\t\t\n\t\t\t\t\t\t\t\t\t\t\t\t<h4 class=\"fusion-rollover-title\">\n\t\t\t\t\t<a class=\"fusion-rollover-title-link\" href=\"https:\/\/inferiti.pl\/index.php\/2024\/12\/08\/321\/\">\n\t\t\t\t\t\tInferiti\t\t\t\t\t<\/a>\n\t\t\t\t<\/h4>\n\t\t\t\n\t\t\t\t\t\t\t\t\t\t<div class=\"fusion-rollover-categories\"><a href=\"https:\/\/inferiti.pl\/index.php\/category\/aktualnosci\/\" rel=\"tag\">Aktualno\u015bci<\/a><\/div>\t\t\t\t\t\n\t\t\n\t\t\t\t\t\t<a class=\"fusion-link-wrapper\" href=\"https:\/\/inferiti.pl\/index.php\/2024\/12\/08\/321\/\" aria-label=\"Inferiti\"><\/a>\n\t<\/div>\n<\/div>\n<\/div>\n<\/li>\n\t\t\t\n\t\t\t\n\t\t\t\t\t\t\t\t\t\t\t\t\t\t\t\t\t\t\t\t\t\t\t\t\t\t\t\t\t\t\t\t\t\t\t\t\t\t\t\t\t\t\t\t\t\t\t\t\t\t\t\t\t\t\t\t\t\t\t\t\t\t\t\t\t\t\t\t<\/ul>\n\t<\/div>\n\t<div class=\"fusion-post-content post-content\"><h2 class=\"blog-shortcode-post-title entry-title\"><a href=\"https:\/\/inferiti.pl\/index.php\/2024\/12\/08\/321\/\">Inferiti<\/a><\/h2><div class=\"fusion-post-content-container\"><p>        W dniu 02 wrze\u015bnia 2019r w naszej hodowli na \u015bwiat przysz\u0142y szczeniaki<a href=\"https:\/\/inferiti.pl\/index.php\/2024\/12\/08\/321\/\"> [ ... ]<\/a><\/p><\/div><\/div><div class=\"fusion-clearfix\"><\/div><div class=\"fusion-meta-info\"><div class=\"fusion-alignleft\">By <span class=\"vcard\"><span class=\"fn\"><a href=\"https:\/\/inferiti.pl\/index.php\/author\/pascal\/\" title=\"Wpisy od pascal\" rel=\"author\">pascal<\/a><\/span><\/span><span class=\"fusion-inline-sep\">|<\/span><span class=\"updated\" style=\"display:none;\">2024-12-08T20:03:37+01:00<\/span><span>8 grudnia 2024<\/span><span class=\"fusion-inline-sep\">|<\/span><\/div><\/div><\/article>\n<\/div><\/div><\/div><\/div><\/div><\/div>\n","protected":false},"excerpt":{"rendered":"","protected":false},"author":1,"featured_media":0,"parent":0,"menu_order":0,"comment_status":"closed","ping_status":"closed","template":"100-width.php","meta":{"footnotes":""},"class_list":["post-319","page","type-page","status-publish","hentry"],"_links":{"self":[{"href":"https:\/\/inferiti.pl\/index.php\/wp-json\/wp\/v2\/pages\/319","targetHints":{"allow":["GET"]}}],"collection":[{"href":"https:\/\/inferiti.pl\/index.php\/wp-json\/wp\/v2\/pages"}],"about":[{"href":"https:\/\/inferiti.pl\/index.php\/wp-json\/wp\/v2\/types\/page"}],"author":[{"embeddable":true,"href":"https:\/\/inferiti.pl\/index.php\/wp-json\/wp\/v2\/users\/1"}],"replies":[{"embeddable":true,"href":"https:\/\/inferiti.pl\/index.php\/wp-json\/wp\/v2\/comments?post=319"}],"version-history":[{"count":10,"href":"https:\/\/inferiti.pl\/index.php\/wp-json\/wp\/v2\/pages\/319\/revisions"}],"predecessor-version":[{"id":351,"href":"https:\/\/inferiti.pl\/index.php\/wp-json\/wp\/v2\/pages\/319\/revisions\/351"}],"wp:attachment":[{"href":"https:\/\/inferiti.pl\/index.php\/wp-json\/wp\/v2\/media?parent=319"}],"curies":[{"name":"wp","href":"https:\/\/api.w.org\/{rel}","templated":true}]}}